{"id":444,"date":"2016-03-27T13:41:07","date_gmt":"2016-03-27T10:41:07","guid":{"rendered":"http:\/\/esoteric-lebanon.org\/fr\/?page_id=444"},"modified":"2025-01-12T10:40:10","modified_gmt":"2025-01-12T08:40:10","slug":"evenements","status":"publish","type":"page","link":"https:\/\/esoteric-lebanon.org\/fr\/evenements\/","title":{"rendered":"\u00c9v\u00e9nements"},"content":{"rendered":"<div id=\"pl-444\"  class=\"panel-layout\" ><div id=\"pg-444-0\"  class=\"panel-grid panel-no-style\" ><div id=\"pgc-444-0-0\"  class=\"panel-grid-cell\" ><div id=\"panel-444-0-0-0\" class=\"so-panel widget widget_sow-editor panel-first-child panel-last-child\" data-index=\"0\" ><div\n\t\t\t\n\t\t\tclass=\"so-widget-sow-editor so-widget-sow-editor-base\"\n\t\t\t\n\t\t><h3 class=\"widget-title\">Horaire des conf\u00e9rences<\/h3>\n<div class=\"siteorigin-widget-tinymce textwidget\">\n\t<p>Le calendrier des conf\u00e9rences mensuelles gratuites est la suivante:<\/p>\n<ul dir=\"ltr\">\n<li><strong>Chaque premier Samedi du mois<\/strong> \u00e0 18h00<\/li>\n<\/ul>\n<ul dir=\"ltr\">\n<li><strong>Chaque troisi\u00e8me Lundi du mois<\/strong> \u00e0 19h00<\/li>\n<\/ul>\n<ul dir=\"ltr\">\n<li><strong>Chaque quatri\u00e8me Vendredi du mois<\/strong> une s\u00e9ance d'introduction sur les sciences \u00e9sot\u00e9riques aura lieu \u00e0 19h00<\/li>\n<\/ul>\n<p>\u00c0 Hazmieh, au Centre des Science Esot\u00e9rique, Centre Commercial du Hazmieh, Bloc A, 1ere \u00e9tage (T\u00e9l: 03\/773342 - 76\/700069)<br \/>\n<a href=\"\/pages\/EsotericCenterMap.jpg\">T\u00e9l\u00e9charger le Plan de localisation<\/a><\/p>\n<p><span lang=\"fr\">Ainsi que d'autre conf\u00e9rences gratuites au Liban et \u00e0 l'\u00e9tranger qui seront annonc\u00e9es plus tard.<\/span><\/p>\n<p dir=\"ltr\"><span lang=\"fr\"><a href=\"\/pages\/LecturesCalendar.pdf\">T\u00e9l\u00e9charger le Calendrier des conf\u00e9rences pour cette ann\u00e9<\/a><\/span><\/p>\n<\/div>\n<\/div><\/div><\/div><div id=\"pgc-444-0-1\"  class=\"panel-grid-cell\" ><div id=\"panel-444-0-1-0\" class=\"so-panel widget widget_black-studio-tinymce widget_black_studio_tinymce panel-first-child panel-last-child\" data-index=\"1\" ><div class=\"textwidget\"><p><iframe loading=\"lazy\" style=\"border: 0;\" src=\"https:\/\/www.google.com\/maps\/embed?pb=!1m18!1m12!1m3!1d3313.095646403841!2d35.53009721473597!3d33.86142583521006!2m3!1f0!2f0!3f0!3m2!1i1024!2i768!4f13.1!3m3!1m2!1s0x151f179805893471%3A0xd36a35f359426719!2sEsoteric+center!5e0!3m2!1sen!2slb!4v1538234039887\" width=\"650\" height=\"450\" frameborder=\"0\" allowfullscreen=\"allowfullscreen\"><\/iframe><\/p>\n<\/div><\/div><\/div><\/div><\/div>","protected":false},"excerpt":{"rendered":"<p>Le calendrier des conf\u00e9rences mensuelles gratuites est la suivante: Chaque premier Samedi du mois \u00e0 18h00 Chaque troisi\u00e8me Lundi du mois \u00e0 19h00 Chaque quatri\u00e8me Vendredi du mois une s\u00e9ance d&rsquo;introduction sur les sciences \u00e9sot\u00e9riques aura lieu \u00e0 19h00 \u00c0 Hazmieh, au Centre des Science Esot\u00e9rique, Centre Commercial du Hazmieh, Bloc A, 1ere \u00e9tage (T\u00e9l: 03\/773342 &#8211; 76\/700069) T\u00e9l\u00e9charger le Plan de localisation Ainsi que d&rsquo;autre conf\u00e9rences gratuites au Liban et \u00e0 l&rsquo;\u00e9tranger qui seront annonc\u00e9es plus tard. T\u00e9l\u00e9charger le Calendrier des conf\u00e9rences pour cette ann\u00e9<\/p>\n<p> <a class=\"continue-reading-link\" href=\"https:\/\/esoteric-lebanon.org\/fr\/evenements\/\"><span>Lire la suite<\/span><i class=\"crycon-right-dir\"><\/i><\/a> <\/p>\n","protected":false},"author":1,"featured_media":0,"parent":0,"menu_order":0,"comment_status":"closed","ping_status":"closed","template":"","meta":{"footnotes":""},"class_list":["post-444","page","type-page","status-publish","hentry"],"yoast_head":"<!-- This site is optimized with the Yoast SEO plugin v27.4 - https:\/\/yoast.com\/product\/yoast-seo-wordpress\/ -->\n<title>\u00c9v\u00e9nements - Les Sciences Esoteriques<\/title>\n<meta name=\"robots\" content=\"index, follow, max-snippet:-1, max-image-preview:large, max-video-preview:-1\" \/>\n<link rel=\"canonical\" href=\"https:\/\/esoteric-lebanon.org\/fr\/evenements\/\" \/>\n<meta property=\"og:locale\" content=\"fr_FR\" \/>\n<meta property=\"og:type\" content=\"article\" \/>\n<meta property=\"og:title\" content=\"\u00c9v\u00e9nements - Les Sciences Esoteriques\" \/>\n<meta property=\"og:description\" content=\"Le calendrier des conf\u00e9rences mensuelles gratuites est la suivante: Chaque premier Samedi du mois \u00e0 18h00 Chaque troisi\u00e8me Lundi du mois \u00e0 19h00 Chaque quatri\u00e8me Vendredi du mois une s\u00e9ance d&#039;introduction sur les sciences \u00e9sot\u00e9riques aura lieu \u00e0 19h00 \u00c0 Hazmieh, au Centre des Science Esot\u00e9rique, Centre Commercial du Hazmieh, Bloc A, 1ere \u00e9tage (T\u00e9l: 03\/773342 - 76\/700069) T\u00e9l\u00e9charger le Plan de localisation Ainsi que d&#039;autre conf\u00e9rences gratuites au Liban et \u00e0 l&#039;\u00e9tranger qui seront annonc\u00e9es plus tard. T\u00e9l\u00e9charger le Calendrier des conf\u00e9rences pour cette ann\u00e9 Lire la suite\" \/>\n<meta property=\"og:url\" content=\"https:\/\/esoteric-lebanon.org\/fr\/evenements\/\" \/>\n<meta property=\"og:site_name\" content=\"Les Sciences Esoteriques\" \/>\n<meta property=\"article:modified_time\" content=\"2025-01-12T08:40:10+00:00\" \/>\n<meta name=\"twitter:card\" content=\"summary_large_image\" \/>\n<meta name=\"twitter:label1\" content=\"Dur\u00e9e de lecture estim\u00e9e\" \/>\n\t<meta name=\"twitter:data1\" content=\"1 minute\" \/>\n<script type=\"application\/ld+json\" class=\"yoast-schema-graph\">{\"@context\":\"https:\\\/\\\/schema.org\",\"@graph\":[{\"@type\":\"WebPage\",\"@id\":\"https:\\\/\\\/esoteric-lebanon.org\\\/fr\\\/evenements\\\/\",\"url\":\"https:\\\/\\\/esoteric-lebanon.org\\\/fr\\\/evenements\\\/\",\"name\":\"\u00c9v\u00e9nements - Les Sciences Esoteriques\",\"isPartOf\":{\"@id\":\"https:\\\/\\\/esoteric-lebanon.org\\\/fr\\\/#website\"},\"datePublished\":\"2016-03-27T10:41:07+00:00\",\"dateModified\":\"2025-01-12T08:40:10+00:00\",\"breadcrumb\":{\"@id\":\"https:\\\/\\\/esoteric-lebanon.org\\\/fr\\\/evenements\\\/#breadcrumb\"},\"inLanguage\":\"fr-FR\",\"potentialAction\":[{\"@type\":\"ReadAction\",\"target\":[\"https:\\\/\\\/esoteric-lebanon.org\\\/fr\\\/evenements\\\/\"]}]},{\"@type\":\"BreadcrumbList\",\"@id\":\"https:\\\/\\\/esoteric-lebanon.org\\\/fr\\\/evenements\\\/#breadcrumb\",\"itemListElement\":[{\"@type\":\"ListItem\",\"position\":1,\"name\":\"Home\",\"item\":\"https:\\\/\\\/esoteric-lebanon.org\\\/fr\\\/\"},{\"@type\":\"ListItem\",\"position\":2,\"name\":\"\u00c9v\u00e9nements\"}]},{\"@type\":\"WebSite\",\"@id\":\"https:\\\/\\\/esoteric-lebanon.org\\\/fr\\\/#website\",\"url\":\"https:\\\/\\\/esoteric-lebanon.org\\\/fr\\\/\",\"name\":\"Les Sciences Esoteriques\",\"description\":\"Les Sciences de la Conscience\",\"potentialAction\":[{\"@type\":\"SearchAction\",\"target\":{\"@type\":\"EntryPoint\",\"urlTemplate\":\"https:\\\/\\\/esoteric-lebanon.org\\\/fr\\\/?s={search_term_string}\"},\"query-input\":{\"@type\":\"PropertyValueSpecification\",\"valueRequired\":true,\"valueName\":\"search_term_string\"}}],\"inLanguage\":\"fr-FR\"}]}<\/script>\n<!-- \/ Yoast SEO plugin. -->","yoast_head_json":{"title":"\u00c9v\u00e9nements - Les Sciences Esoteriques","robots":{"index":"index","follow":"follow","max-snippet":"max-snippet:-1","max-image-preview":"max-image-preview:large","max-video-preview":"max-video-preview:-1"},"canonical":"https:\/\/esoteric-lebanon.org\/fr\/evenements\/","og_locale":"fr_FR","og_type":"article","og_title":"\u00c9v\u00e9nements - Les Sciences Esoteriques","og_description":"Le calendrier des conf\u00e9rences mensuelles gratuites est la suivante: Chaque premier Samedi du mois \u00e0 18h00 Chaque troisi\u00e8me Lundi du mois \u00e0 19h00 Chaque quatri\u00e8me Vendredi du mois une s\u00e9ance d'introduction sur les sciences \u00e9sot\u00e9riques aura lieu \u00e0 19h00 \u00c0 Hazmieh, au Centre des Science Esot\u00e9rique, Centre Commercial du Hazmieh, Bloc A, 1ere \u00e9tage (T\u00e9l: 03\/773342 - 76\/700069) T\u00e9l\u00e9charger le Plan de localisation Ainsi que d'autre conf\u00e9rences gratuites au Liban et \u00e0 l'\u00e9tranger qui seront annonc\u00e9es plus tard. T\u00e9l\u00e9charger le Calendrier des conf\u00e9rences pour cette ann\u00e9 Lire la suite","og_url":"https:\/\/esoteric-lebanon.org\/fr\/evenements\/","og_site_name":"Les Sciences Esoteriques","article_modified_time":"2025-01-12T08:40:10+00:00","twitter_card":"summary_large_image","twitter_misc":{"Dur\u00e9e de lecture estim\u00e9e":"1 minute"},"schema":{"@context":"https:\/\/schema.org","@graph":[{"@type":"WebPage","@id":"https:\/\/esoteric-lebanon.org\/fr\/evenements\/","url":"https:\/\/esoteric-lebanon.org\/fr\/evenements\/","name":"\u00c9v\u00e9nements - Les Sciences Esoteriques","isPartOf":{"@id":"https:\/\/esoteric-lebanon.org\/fr\/#website"},"datePublished":"2016-03-27T10:41:07+00:00","dateModified":"2025-01-12T08:40:10+00:00","breadcrumb":{"@id":"https:\/\/esoteric-lebanon.org\/fr\/evenements\/#breadcrumb"},"inLanguage":"fr-FR","potentialAction":[{"@type":"ReadAction","target":["https:\/\/esoteric-lebanon.org\/fr\/evenements\/"]}]},{"@type":"BreadcrumbList","@id":"https:\/\/esoteric-lebanon.org\/fr\/evenements\/#breadcrumb","itemListElement":[{"@type":"ListItem","position":1,"name":"Home","item":"https:\/\/esoteric-lebanon.org\/fr\/"},{"@type":"ListItem","position":2,"name":"\u00c9v\u00e9nements"}]},{"@type":"WebSite","@id":"https:\/\/esoteric-lebanon.org\/fr\/#website","url":"https:\/\/esoteric-lebanon.org\/fr\/","name":"Les Sciences Esoteriques","description":"Les Sciences de la Conscience","potentialAction":[{"@type":"SearchAction","target":{"@type":"EntryPoint","urlTemplate":"https:\/\/esoteric-lebanon.org\/fr\/?s={search_term_string}"},"query-input":{"@type":"PropertyValueSpecification","valueRequired":true,"valueName":"search_term_string"}}],"inLanguage":"fr-FR"}]}},"_links":{"self":[{"href":"https:\/\/esoteric-lebanon.org\/fr\/wp-json\/wp\/v2\/pages\/444","targetHints":{"allow":["GET"]}}],"collection":[{"href":"https:\/\/esoteric-lebanon.org\/fr\/wp-json\/wp\/v2\/pages"}],"about":[{"href":"https:\/\/esoteric-lebanon.org\/fr\/wp-json\/wp\/v2\/types\/page"}],"author":[{"embeddable":true,"href":"https:\/\/esoteric-lebanon.org\/fr\/wp-json\/wp\/v2\/users\/1"}],"replies":[{"embeddable":true,"href":"https:\/\/esoteric-lebanon.org\/fr\/wp-json\/wp\/v2\/comments?post=444"}],"version-history":[{"count":4,"href":"https:\/\/esoteric-lebanon.org\/fr\/wp-json\/wp\/v2\/pages\/444\/revisions"}],"predecessor-version":[{"id":1902,"href":"https:\/\/esoteric-lebanon.org\/fr\/wp-json\/wp\/v2\/pages\/444\/revisions\/1902"}],"wp:attachment":[{"href":"https:\/\/esoteric-lebanon.org\/fr\/wp-json\/wp\/v2\/media?parent=444"}],"curies":[{"name":"wp","href":"https:\/\/api.w.org\/{rel}","templated":true}]}}