{"id":448,"date":"2016-03-27T13:49:20","date_gmt":"2016-03-27T10:49:20","guid":{"rendered":"http:\/\/esoteric-lebanon.org\/fr\/?page_id=448"},"modified":"2016-03-27T13:49:20","modified_gmt":"2016-03-27T10:49:20","slug":"introduction","status":"publish","type":"page","link":"https:\/\/esoteric-lebanon.org\/fr\/introduction\/","title":{"rendered":"Introduction"},"content":{"rendered":"<div id=\"pl-448\"  class=\"panel-layout\" ><div id=\"pg-448-0\"  class=\"panel-grid panel-no-style\" ><div id=\"pgc-448-0-0\"  class=\"panel-grid-cell\" ><div id=\"panel-448-0-0-0\" class=\"so-panel widget widget_blog-style-two panel-first-child panel-last-child\" data-index=\"0\" ><div\n\t\t\t\n\t\t\tclass=\"so-widget-blog-style-two so-widget-blog-style-two-blog-style-two-style-f70b9422c3b0-448\"\n\t\t\t\n\t\t>\r\n\r\n<div class=\"all_main\">\r\n    \r\n        <div class=\"auto_height six columns\">\r\n            <div class=\"blog_two_style clearfix\">\r\n                <div class=\"main\">\r\n                    <div class=\"image\">\r\n                        \r\n                     \r\n                    <\/div>\r\n\r\n                    <div class=\"content clearfix\">\r\n                    \r\n                                                <h4><a href=\"https:\/\/esoteric-lebanon.org\/fr\/overview\/\">Introduction<\/a><\/h4>\r\n                          \r\n\r\n                        <div class=\"meta\">\r\n                        by Master | 25\/10\/2010 | <a href=\"https:\/\/esoteric-lebanon.org\/fr\/category\/intro\/\" rel=\"tag\">Introduction<\/a>                        <\/div>\r\n                        <div class=\"border\"><\/div>\r\n                        Esot\u00e9rique au Liban et dans le monde Arabe &#8230; ( dit en Arabe: AL-EZOTERIQUE ) L&rsquo;Association des Amis de la Connaissance Blanche \u00a0\u00a0\u00a0 Se fait un plaisir d&rsquo;informer les<a href=\"https:\/\/esoteric-lebanon.org\/fr\/overview\/\">...<\/a>\r\n                        <div class=\"clearfix\"><\/div>\r\n                        <small><a href=\"https:\/\/esoteric-lebanon.org\/fr\/overview\/\">Read More<\/a><\/small>\r\n                    <\/div>\r\n                <\/div>\r\n            <\/div>\r\n        <\/div>\r\n\r\n\r\n    \r\n        <div class=\"auto_height six columns\">\r\n            <div class=\"blog_two_style clearfix\">\r\n                <div class=\"main\">\r\n                    <div class=\"image\">\r\n                        \r\n                     \r\n                    <\/div>\r\n\r\n                    <div class=\"content clearfix\">\r\n                    \r\n                                                <h4><a href=\"https:\/\/esoteric-lebanon.org\/fr\/facts\/\">Pourquoi la Science Esot\u00e9rique?<\/a><\/h4>\r\n                          \r\n\r\n                        <div class=\"meta\">\r\n                        by Master | 26\/10\/2010 | <a href=\"https:\/\/esoteric-lebanon.org\/fr\/category\/intro\/\" rel=\"tag\">Introduction<\/a>                        <\/div>\r\n                        <div class=\"border\"><\/div>\r\n                        Il fut un temps tr\u00e8s ancien o\u00f9 la Science Esot\u00e9rique, \u00a0la science du Soi, \u00e9tait la seule pr\u00e9occupation des hommes, \u00a0ces derniers aspirant quasi-uniquement \u00e0 la connaissance de soi.<a href=\"https:\/\/esoteric-lebanon.org\/fr\/facts\/\">...<\/a>\r\n                        <div class=\"clearfix\"><\/div>\r\n                        <small><a href=\"https:\/\/esoteric-lebanon.org\/fr\/facts\/\">Read More<\/a><\/small>\r\n                    <\/div>\r\n                <\/div>\r\n            <\/div>\r\n        <\/div>\r\n\r\n\r\n    \r\n        <div class=\"auto_height six columns\">\r\n            <div class=\"blog_two_style clearfix\">\r\n                <div class=\"main\">\r\n                    <div class=\"image\">\r\n                        \r\n                     \r\n                    <\/div>\r\n\r\n                    <div class=\"content clearfix\">\r\n                    \r\n                                                <h4><a href=\"https:\/\/esoteric-lebanon.org\/fr\/history\/\">Contexte Historique<\/a><\/h4>\r\n                          \r\n\r\n                        <div class=\"meta\">\r\n                        by Master | 26\/10\/2010 | <a href=\"https:\/\/esoteric-lebanon.org\/fr\/category\/intro\/\" rel=\"tag\">Introduction<\/a>                        <\/div>\r\n                        <div class=\"border\"><\/div>\r\n                        La Science Esot\u00e9rique s\u2019est r\u00e9pandue tout d&rsquo;abord dans l&rsquo;Extr\u00eame-Orient, o\u00f9 tous les manuscrits sacr\u00e9s avaient \u00e9t\u00e9 conserv\u00e9s par les successeurs des grands sages. Dans cette zone, la \u00ab\u00a0Fraternit\u00e9 Blanche<a href=\"https:\/\/esoteric-lebanon.org\/fr\/history\/\">...<\/a>\r\n                        <div class=\"clearfix\"><\/div>\r\n                        <small><a href=\"https:\/\/esoteric-lebanon.org\/fr\/history\/\">Read More<\/a><\/small>\r\n                    <\/div>\r\n                <\/div>\r\n            <\/div>\r\n        <\/div>\r\n\r\n\r\n    \r\n        <div class=\"auto_height six columns\">\r\n            <div class=\"blog_two_style clearfix\">\r\n                <div class=\"main\">\r\n                    <div class=\"image\">\r\n                        \r\n                     \r\n                    <\/div>\r\n\r\n                    <div class=\"content clearfix\">\r\n                    \r\n                                                <h4><a href=\"https:\/\/esoteric-lebanon.org\/fr\/references\/\">Les sources de l\u2019\u00c9sot\u00e9rique<\/a><\/h4>\r\n                          \r\n\r\n                        <div class=\"meta\">\r\n                        by Master | 26\/10\/2010 | <a href=\"https:\/\/esoteric-lebanon.org\/fr\/category\/intro\/\" rel=\"tag\">Introduction<\/a>                        <\/div>\r\n                        <div class=\"border\"><\/div>\r\n                        A mi-parcours du XXe si\u00e8cle, les grands ma\u00eetres de sagesse de la \u00ab\u00a0Fraternit\u00e9 Blanche Mondiale\u00a0\u00bb ont d\u00e9cid\u00e9 qu&rsquo;il \u00e9tait temps de r\u00e9pandre ouvertement la Science Esot\u00e9rique, avec l&rsquo;aide des<a href=\"https:\/\/esoteric-lebanon.org\/fr\/references\/\">...<\/a>\r\n                        <div class=\"clearfix\"><\/div>\r\n                        <small><a href=\"https:\/\/esoteric-lebanon.org\/fr\/references\/\">Read More<\/a><\/small>\r\n                    <\/div>\r\n                <\/div>\r\n            <\/div>\r\n        <\/div>\r\n\r\n\r\n    \r\n        <div class=\"auto_height six columns\">\r\n            <div class=\"blog_two_style clearfix\">\r\n                <div class=\"main\">\r\n                    <div class=\"image\">\r\n                        \r\n                     \r\n                    <\/div>\r\n\r\n                    <div class=\"content clearfix\">\r\n                    \r\n                                                <h4><a href=\"https:\/\/esoteric-lebanon.org\/fr\/objective\/\">L\u2019objectif des Sciences \u00c9sot\u00e9riques<\/a><\/h4>\r\n                          \r\n\r\n                        <div class=\"meta\">\r\n                        by Master | 26\/10\/2010 | <a href=\"https:\/\/esoteric-lebanon.org\/fr\/category\/intro\/\" rel=\"tag\">Introduction<\/a>                        <\/div>\r\n                        <div class=\"border\"><\/div>\r\n                        Ce qui a \u00e9t\u00e9 avanc\u00e9 nous d\u00e9montre l\u2019objectif s\u00e9mite des Sciences Esot\u00e9riques, qui n\u2019est que le d\u00e9veloppement de la conscience de L\u2019Homme&#8230; Son but est d&rsquo;\u00e9duquer les Hommes. Tout<a href=\"https:\/\/esoteric-lebanon.org\/fr\/objective\/\">...<\/a>\r\n                        <div class=\"clearfix\"><\/div>\r\n                        <small><a href=\"https:\/\/esoteric-lebanon.org\/fr\/objective\/\">Read More<\/a><\/small>\r\n                    <\/div>\r\n                <\/div>\r\n            <\/div>\r\n        <\/div>\r\n\r\n\r\n    \r\n        <div class=\"auto_height six columns\">\r\n            <div class=\"blog_two_style clearfix\">\r\n                <div class=\"main\">\r\n                    <div class=\"image\">\r\n                        \r\n                     \r\n                    <\/div>\r\n\r\n                    <div class=\"content clearfix\">\r\n                    \r\n                                                <h4><a href=\"https:\/\/esoteric-lebanon.org\/fr\/methodology\/\">La M\u00e9thode Esot\u00e9rique<\/a><\/h4>\r\n                          \r\n\r\n                        <div class=\"meta\">\r\n                        by Master | 26\/10\/2010 | <a href=\"https:\/\/esoteric-lebanon.org\/fr\/category\/intro\/\" rel=\"tag\">Introduction<\/a>                        <\/div>\r\n                        <div class=\"border\"><\/div>\r\n                        \u00abLa plus importante des\u00a0 sciences est celle qui peut \u00eatre pratiqu\u00e9e au quotidien et qui par son application aidera l\u2019homme \u00e0 \u00e9voluer. Les Sciences ou philosophies qui se basent<a href=\"https:\/\/esoteric-lebanon.org\/fr\/methodology\/\">...<\/a>\r\n                        <div class=\"clearfix\"><\/div>\r\n                        <small><a href=\"https:\/\/esoteric-lebanon.org\/fr\/methodology\/\">Read More<\/a><\/small>\r\n                    <\/div>\r\n                <\/div>\r\n            <\/div>\r\n        <\/div>\r\n\r\n\r\n    \r\n        <div class=\"auto_height six columns\">\r\n            <div class=\"blog_two_style clearfix\">\r\n                <div class=\"main\">\r\n                    <div class=\"image\">\r\n                        \r\n                     \r\n                    <\/div>\r\n\r\n                    <div class=\"content clearfix\">\r\n                    \r\n                                                <h4><a href=\"https:\/\/esoteric-lebanon.org\/fr\/benefits\/\">Les avantages de l&rsquo;application pratique de la Science Esot\u00e9rique<\/a><\/h4>\r\n                          \r\n\r\n                        <div class=\"meta\">\r\n                        by Master | 26\/10\/2010 | <a href=\"https:\/\/esoteric-lebanon.org\/fr\/category\/intro\/\" rel=\"tag\">Introduction<\/a>                        <\/div>\r\n                        <div class=\"border\"><\/div>\r\n                        La Science Esot\u00e9rique n&rsquo;est pas une science ou une philosophie th\u00e9orique facultative qu\u2019on peut lire, \u00e9tudier et laisser tomber.\u00a0 C\u2019est un mode de vie qui permet \u00e0 l\u2019homme de<a href=\"https:\/\/esoteric-lebanon.org\/fr\/benefits\/\">...<\/a>\r\n                        <div class=\"clearfix\"><\/div>\r\n                        <small><a href=\"https:\/\/esoteric-lebanon.org\/fr\/benefits\/\">Read More<\/a><\/small>\r\n                    <\/div>\r\n                <\/div>\r\n            <\/div>\r\n        <\/div>\r\n\r\n\r\n    \r\n        <div class=\"auto_height six columns\">\r\n            <div class=\"blog_two_style clearfix\">\r\n                <div class=\"main\">\r\n                    <div class=\"image\">\r\n                        \r\n                     \r\n                    <\/div>\r\n\r\n                    <div class=\"content clearfix\">\r\n                    \r\n                                                <h4><a href=\"https:\/\/esoteric-lebanon.org\/fr\/vs-parapsychology\/\">L\u2019Esot\u00e9rique et la Parapsychologie<\/a><\/h4>\r\n                          \r\n\r\n                        <div class=\"meta\">\r\n                        by Master | 26\/10\/2010 | <a href=\"https:\/\/esoteric-lebanon.org\/fr\/category\/intro\/\" rel=\"tag\">Introduction<\/a>                        <\/div>\r\n                        <div class=\"border\"><\/div>\r\n                        La parapsychologie et la Science Esot\u00e9rique ne sont pas li\u00e9es l\u2019une \u00e0 l\u2019autre comme on le dit parfois. Elles peuvent avoir certains points communs, mais \u00e0 bien des \u00e9gards,<a href=\"https:\/\/esoteric-lebanon.org\/fr\/vs-parapsychology\/\">...<\/a>\r\n                        <div class=\"clearfix\"><\/div>\r\n                        <small><a href=\"https:\/\/esoteric-lebanon.org\/fr\/vs-parapsychology\/\">Read More<\/a><\/small>\r\n                    <\/div>\r\n                <\/div>\r\n            <\/div>\r\n        <\/div>\r\n\r\n\r\n    \r\n        <div class=\"auto_height six columns\">\r\n            <div class=\"blog_two_style clearfix\">\r\n                <div class=\"main\">\r\n                    <div class=\"image\">\r\n                        \r\n                     \r\n                    <\/div>\r\n\r\n                    <div class=\"content clearfix\">\r\n                    \r\n                                                <h4><a href=\"https:\/\/esoteric-lebanon.org\/fr\/vs-metaphysics\/\">L\u2019\u00c9sot\u00e9rique et la M\u00e9taphysique<\/a><\/h4>\r\n                          \r\n\r\n                        <div class=\"meta\">\r\n                        by Master | 26\/10\/2010 | <a href=\"https:\/\/esoteric-lebanon.org\/fr\/category\/intro\/\" rel=\"tag\">Introduction<\/a>                        <\/div>\r\n                        <div class=\"border\"><\/div>\r\n                        Dans un pass\u00e9 lointain, il n\u2019y avait pas de champs de connaissances sp\u00e9cialis\u00e9es: science physique, chimie, psychologie, m\u00e9decine, sciences atomiques, l&rsquo;astronomie etc. Le curriculum des \u00e9coles anciennes ne permettait<a href=\"https:\/\/esoteric-lebanon.org\/fr\/vs-metaphysics\/\">...<\/a>\r\n                        <div class=\"clearfix\"><\/div>\r\n                        <small><a href=\"https:\/\/esoteric-lebanon.org\/fr\/vs-metaphysics\/\">Read More<\/a><\/small>\r\n                    <\/div>\r\n                <\/div>\r\n            <\/div>\r\n        <\/div>\r\n\r\n\r\n    \r\n        <div class=\"auto_height six columns\">\r\n            <div class=\"blog_two_style clearfix\">\r\n                <div class=\"main\">\r\n                    <div class=\"image\">\r\n                        \r\n                     \r\n                    <\/div>\r\n\r\n                    <div class=\"content clearfix\">\r\n                    \r\n                                                <h4><a href=\"https:\/\/esoteric-lebanon.org\/fr\/vs-other-schools\/\">La Science Esot\u00e9rique compar\u00e9e aux autres soci\u00e9t\u00e9s et \u00e9coles de la connaissance de Soi<\/a><\/h4>\r\n                          \r\n\r\n                        <div class=\"meta\">\r\n                        by Master | 26\/10\/2010 | <a href=\"https:\/\/esoteric-lebanon.org\/fr\/category\/intro\/\" rel=\"tag\">Introduction<\/a>                        <\/div>\r\n                        <div class=\"border\"><\/div>\r\n                        Depuis la gen\u00e8se de l\u2019existence humaine sur terre, le destin de l\u2019Homme \u00e9tait d\u00e9j\u00e0 trac\u00e9; son retour conscient \u00e0 son cr\u00e9ateur. Des lois et des r\u00e8glements ont \u00e9t\u00e9 \u00e9labor\u00e9s<a href=\"https:\/\/esoteric-lebanon.org\/fr\/vs-other-schools\/\">...<\/a>\r\n                        <div class=\"clearfix\"><\/div>\r\n                        <small><a href=\"https:\/\/esoteric-lebanon.org\/fr\/vs-other-schools\/\">Read More<\/a><\/small>\r\n                    <\/div>\r\n                <\/div>\r\n            <\/div>\r\n        <\/div>\r\n\r\n\r\n    \r\n        <div class=\"auto_height six columns\">\r\n            <div class=\"blog_two_style clearfix\">\r\n                <div class=\"main\">\r\n                    <div class=\"image\">\r\n                        \r\n                     \r\n                    <\/div>\r\n\r\n                    <div class=\"content clearfix\">\r\n                    \r\n                                                <h4><a href=\"https:\/\/esoteric-lebanon.org\/fr\/self-knowledge\/\">La Science Esot\u00e9rique et la Connaissance de Soi<\/a><\/h4>\r\n                          \r\n\r\n                        <div class=\"meta\">\r\n                        by Master | 26\/10\/2010 | <a href=\"https:\/\/esoteric-lebanon.org\/fr\/category\/intro\/\" rel=\"tag\">Introduction<\/a>                        <\/div>\r\n                        <div class=\"border\"><\/div>\r\n                        \u00abLa connaissance de soi est la m\u00e8re de toutes les connaissances\u00bb est un vieux dicton. Il est \u00e0 la base de la pens\u00e9e philosophique grecque. La Science Esot\u00e9rique va<a href=\"https:\/\/esoteric-lebanon.org\/fr\/self-knowledge\/\">...<\/a>\r\n                        <div class=\"clearfix\"><\/div>\r\n                        <small><a href=\"https:\/\/esoteric-lebanon.org\/fr\/self-knowledge\/\">Read More<\/a><\/small>\r\n                    <\/div>\r\n                <\/div>\r\n            <\/div>\r\n        <\/div>\r\n\r\n\r\n    \r\n        <div class=\"auto_height six columns\">\r\n            <div class=\"blog_two_style clearfix\">\r\n                <div class=\"main\">\r\n                    <div class=\"image\">\r\n                        \r\n                     \r\n                    <\/div>\r\n\r\n                    <div class=\"content clearfix\">\r\n                    \r\n                                                <h4><a href=\"https:\/\/esoteric-lebanon.org\/fr\/cosmic-thought\/\">La Science Esot\u00e9rique \u2013 une pens\u00e9e cosmique<\/a><\/h4>\r\n                          \r\n\r\n                        <div class=\"meta\">\r\n                        by Master | 26\/10\/2010 | <a href=\"https:\/\/esoteric-lebanon.org\/fr\/category\/intro\/\" rel=\"tag\">Introduction<\/a>                        <\/div>\r\n                        <div class=\"border\"><\/div>\r\n                        L\u2019Esot\u00e9rique a toujours \u00e9t\u00e9 la science la plus vaste et la plus globale. Elle est la seule science qui a accompagn\u00e9 l&rsquo;homme depuis qu&rsquo;il a acquit la conscience de<a href=\"https:\/\/esoteric-lebanon.org\/fr\/cosmic-thought\/\">...<\/a>\r\n                        <div class=\"clearfix\"><\/div>\r\n                        <small><a href=\"https:\/\/esoteric-lebanon.org\/fr\/cosmic-thought\/\">Read More<\/a><\/small>\r\n                    <\/div>\r\n                <\/div>\r\n            <\/div>\r\n        <\/div>\r\n\r\n\r\n    \r\n        <div class=\"auto_height six columns\">\r\n            <div class=\"blog_two_style clearfix\">\r\n                <div class=\"main\">\r\n                    <div class=\"image\">\r\n                        \r\n                     \r\n                    <\/div>\r\n\r\n                    <div class=\"content clearfix\">\r\n                    \r\n                                                <h4><a href=\"https:\/\/esoteric-lebanon.org\/fr\/future\/\">L&rsquo;avenir de la Science \u00c9sot\u00e9rique<\/a><\/h4>\r\n                          \r\n\r\n                        <div class=\"meta\">\r\n                        by Master | 26\/10\/2010 | <a href=\"https:\/\/esoteric-lebanon.org\/fr\/category\/intro\/\" rel=\"tag\">Introduction<\/a>                        <\/div>\r\n                        <div class=\"border\"><\/div>\r\n                        Sous ses ailes pr\u00e9pond\u00e9rantes, Il n&rsquo;est jamais exorbitant de confirmer que la Science Esot\u00e9rique va embrasser toutes les autre sciences. Les signes de cet avenir se manifestent progressivement quoiqu\u2019ils<a href=\"https:\/\/esoteric-lebanon.org\/fr\/future\/\">...<\/a>\r\n                        <div class=\"clearfix\"><\/div>\r\n                        <small><a href=\"https:\/\/esoteric-lebanon.org\/fr\/future\/\">Read More<\/a><\/small>\r\n                    <\/div>\r\n                <\/div>\r\n            <\/div>\r\n        <\/div>\r\n\r\n\r\n    \r\n<\/div>\r\n\r\n<div class=\"clearfix\"><\/div>\r\n<\/div><\/div><\/div><\/div><\/div>","protected":false},"excerpt":{"rendered":"<p>Introduction by Master | 25\/10\/2010 | Introduction Esot\u00e9rique au Liban et dans le monde Arabe \u2026 ( dit en Arabe: AL-EZOTERIQUE ) L\u2019Association des Amis de la Connaissance Blanche &nbsp;&nbsp;&nbsp; Se fait un plaisir d\u2019informer les&#8230; Read More Pourquoi la Science Esot\u00e9rique? by Master | 26\/10\/2010 | Introduction Il fut un temps tr\u00e8s ancien o\u00f9 la Science Esot\u00e9rique, &nbsp;la science du Soi, \u00e9tait la seule pr\u00e9occupation des hommes, &nbsp;ces derniers aspirant quasi-uniquement \u00e0 la connaissance de soi&#8230;. Read More Contexte Historique by Master | 26\/10\/2010 | Introduction La Science Esot\u00e9rique[\u2026]<\/p>\n<p> <a class=\"continue-reading-link\" href=\"https:\/\/esoteric-lebanon.org\/fr\/future\/\"><span>Lire la suite<\/span><i class=\"crycon-right-dir\"><\/i><\/a> <\/p>\n","protected":false},"author":1,"featured_media":0,"parent":0,"menu_order":0,"comment_status":"closed","ping_status":"closed","template":"","meta":{"footnotes":""},"class_list":["post-448","page","type-page","status-publish","hentry"],"yoast_head":"<!-- This site is optimized with the Yoast SEO plugin v26.9 - https:\/\/yoast.com\/product\/yoast-seo-wordpress\/ -->\n<title>Introduction - Les Sciences Esoteriques<\/title>\n<meta name=\"robots\" content=\"index, follow, max-snippet:-1, max-image-preview:large, max-video-preview:-1\" \/>\n<link rel=\"canonical\" href=\"https:\/\/esoteric-lebanon.org\/fr\/introduction\/\" \/>\n<meta property=\"og:locale\" content=\"fr_FR\" \/>\n<meta property=\"og:type\" content=\"article\" \/>\n<meta property=\"og:title\" content=\"Introduction - Les Sciences Esoteriques\" \/>\n<meta property=\"og:description\" content=\"Introduction by Master | 25\/10\/2010 | Introduction Esot\u00e9rique au Liban et dans le monde Arabe \u2026 ( dit en Arabe: AL-EZOTERIQUE ) L\u2019Association des Amis de la Connaissance Blanche &nbsp;&nbsp;&nbsp; Se fait un plaisir d\u2019informer les&#8230; Read More Pourquoi la Science Esot\u00e9rique? by Master | 26\/10\/2010 | Introduction Il fut un temps tr\u00e8s ancien o\u00f9 la Science Esot\u00e9rique, &nbsp;la science du Soi, \u00e9tait la seule pr\u00e9occupation des hommes, &nbsp;ces derniers aspirant quasi-uniquement \u00e0 la connaissance de soi&#8230;. Read More Contexte Historique by Master | 26\/10\/2010 | Introduction La Science Esot\u00e9rique[\u2026] Lire la suite\" \/>\n<meta property=\"og:url\" content=\"https:\/\/esoteric-lebanon.org\/fr\/introduction\/\" \/>\n<meta property=\"og:site_name\" content=\"Les Sciences Esoteriques\" \/>\n<meta name=\"twitter:card\" content=\"summary_large_image\" \/>\n<meta name=\"twitter:label1\" content=\"Dur\u00e9e de lecture estim\u00e9e\" \/>\n\t<meta name=\"twitter:data1\" content=\"3 minutes\" \/>\n<script type=\"application\/ld+json\" class=\"yoast-schema-graph\">{\"@context\":\"https:\/\/schema.org\",\"@graph\":[{\"@type\":\"WebPage\",\"@id\":\"https:\/\/esoteric-lebanon.org\/fr\/introduction\/\",\"url\":\"https:\/\/esoteric-lebanon.org\/fr\/introduction\/\",\"name\":\"Introduction - Les Sciences Esoteriques\",\"isPartOf\":{\"@id\":\"https:\/\/esoteric-lebanon.org\/fr\/#website\"},\"datePublished\":\"2016-03-27T10:49:20+00:00\",\"breadcrumb\":{\"@id\":\"https:\/\/esoteric-lebanon.org\/fr\/introduction\/#breadcrumb\"},\"inLanguage\":\"fr-FR\",\"potentialAction\":[{\"@type\":\"ReadAction\",\"target\":[\"https:\/\/esoteric-lebanon.org\/fr\/introduction\/\"]}]},{\"@type\":\"BreadcrumbList\",\"@id\":\"https:\/\/esoteric-lebanon.org\/fr\/introduction\/#breadcrumb\",\"itemListElement\":[{\"@type\":\"ListItem\",\"position\":1,\"name\":\"Home\",\"item\":\"https:\/\/esoteric-lebanon.org\/fr\/\"},{\"@type\":\"ListItem\",\"position\":2,\"name\":\"Introduction\"}]},{\"@type\":\"WebSite\",\"@id\":\"https:\/\/esoteric-lebanon.org\/fr\/#website\",\"url\":\"https:\/\/esoteric-lebanon.org\/fr\/\",\"name\":\"Les Sciences Esoteriques\",\"description\":\"Les Sciences de la Conscience\",\"potentialAction\":[{\"@type\":\"SearchAction\",\"target\":{\"@type\":\"EntryPoint\",\"urlTemplate\":\"https:\/\/esoteric-lebanon.org\/fr\/?s={search_term_string}\"},\"query-input\":{\"@type\":\"PropertyValueSpecification\",\"valueRequired\":true,\"valueName\":\"search_term_string\"}}],\"inLanguage\":\"fr-FR\"}]}<\/script>\n<!-- \/ Yoast SEO plugin. -->","yoast_head_json":{"title":"Introduction - Les Sciences Esoteriques","robots":{"index":"index","follow":"follow","max-snippet":"max-snippet:-1","max-image-preview":"max-image-preview:large","max-video-preview":"max-video-preview:-1"},"canonical":"https:\/\/esoteric-lebanon.org\/fr\/introduction\/","og_locale":"fr_FR","og_type":"article","og_title":"Introduction - Les Sciences Esoteriques","og_description":"Introduction by Master | 25\/10\/2010 | Introduction Esot\u00e9rique au Liban et dans le monde Arabe \u2026 ( dit en Arabe: AL-EZOTERIQUE ) L\u2019Association des Amis de la Connaissance Blanche &nbsp;&nbsp;&nbsp; Se fait un plaisir d\u2019informer les&#8230; Read More Pourquoi la Science Esot\u00e9rique? by Master | 26\/10\/2010 | Introduction Il fut un temps tr\u00e8s ancien o\u00f9 la Science Esot\u00e9rique, &nbsp;la science du Soi, \u00e9tait la seule pr\u00e9occupation des hommes, &nbsp;ces derniers aspirant quasi-uniquement \u00e0 la connaissance de soi&#8230;. Read More Contexte Historique by Master | 26\/10\/2010 | Introduction La Science Esot\u00e9rique[\u2026] Lire la suite","og_url":"https:\/\/esoteric-lebanon.org\/fr\/introduction\/","og_site_name":"Les Sciences Esoteriques","twitter_card":"summary_large_image","twitter_misc":{"Dur\u00e9e de lecture estim\u00e9e":"3 minutes"},"schema":{"@context":"https:\/\/schema.org","@graph":[{"@type":"WebPage","@id":"https:\/\/esoteric-lebanon.org\/fr\/introduction\/","url":"https:\/\/esoteric-lebanon.org\/fr\/introduction\/","name":"Introduction - Les Sciences Esoteriques","isPartOf":{"@id":"https:\/\/esoteric-lebanon.org\/fr\/#website"},"datePublished":"2016-03-27T10:49:20+00:00","breadcrumb":{"@id":"https:\/\/esoteric-lebanon.org\/fr\/introduction\/#breadcrumb"},"inLanguage":"fr-FR","potentialAction":[{"@type":"ReadAction","target":["https:\/\/esoteric-lebanon.org\/fr\/introduction\/"]}]},{"@type":"BreadcrumbList","@id":"https:\/\/esoteric-lebanon.org\/fr\/introduction\/#breadcrumb","itemListElement":[{"@type":"ListItem","position":1,"name":"Home","item":"https:\/\/esoteric-lebanon.org\/fr\/"},{"@type":"ListItem","position":2,"name":"Introduction"}]},{"@type":"WebSite","@id":"https:\/\/esoteric-lebanon.org\/fr\/#website","url":"https:\/\/esoteric-lebanon.org\/fr\/","name":"Les Sciences Esoteriques","description":"Les Sciences de la Conscience","potentialAction":[{"@type":"SearchAction","target":{"@type":"EntryPoint","urlTemplate":"https:\/\/esoteric-lebanon.org\/fr\/?s={search_term_string}"},"query-input":{"@type":"PropertyValueSpecification","valueRequired":true,"valueName":"search_term_string"}}],"inLanguage":"fr-FR"}]}},"_links":{"self":[{"href":"https:\/\/esoteric-lebanon.org\/fr\/wp-json\/wp\/v2\/pages\/448","targetHints":{"allow":["GET"]}}],"collection":[{"href":"https:\/\/esoteric-lebanon.org\/fr\/wp-json\/wp\/v2\/pages"}],"about":[{"href":"https:\/\/esoteric-lebanon.org\/fr\/wp-json\/wp\/v2\/types\/page"}],"author":[{"embeddable":true,"href":"https:\/\/esoteric-lebanon.org\/fr\/wp-json\/wp\/v2\/users\/1"}],"replies":[{"embeddable":true,"href":"https:\/\/esoteric-lebanon.org\/fr\/wp-json\/wp\/v2\/comments?post=448"}],"version-history":[{"count":0,"href":"https:\/\/esoteric-lebanon.org\/fr\/wp-json\/wp\/v2\/pages\/448\/revisions"}],"wp:attachment":[{"href":"https:\/\/esoteric-lebanon.org\/fr\/wp-json\/wp\/v2\/media?parent=448"}],"curies":[{"name":"wp","href":"https:\/\/api.w.org\/{rel}","templated":true}]}}